{"id":535,"date":"2020-07-04T10:26:28","date_gmt":"2020-07-04T17:26:28","guid":{"rendered":"https:\/\/beseeching.org\/?page_id=535"},"modified":"2022-02-08T08:15:29","modified_gmt":"2022-02-08T16:15:29","slug":"days-15-18-new","status":"publish","type":"page","link":"https:\/\/beseeching.org\/es\/days-15-18-new\/","title":{"rendered":"Days 15-18"},"content":{"rendered":"<p>D\u00eda 15: Oraci\u00f3n por el fortalecimiento<\/p>\n\t<p>Ore por el fortalecimiento del esp\u00edritu dispuesto de los santos para que velen y oren (Mt. 26:38b, 41)<\/p>\n<p><em>Mt. 26:38b: Quedaos aqu\u00ed, y velad conmigo.<\/em><\/p>\n<p><em>Mt. 26:41: Velad y orad, para que no entr\u00e9is en tentaci\u00f3n; el esp\u00edritu est\u00e1 dispuesto, pero la carne es d\u00e9bil.<\/em><\/p>\n\t<p>En Getseman\u00ed el Se\u00f1or vino a Sus disc\u00edpulos y los hall\u00f3 durmiendo. Dijo a Pedro: \u201c\u00bfAs\u00ed que no hab\u00e9is podido velar conmigo una hora? Velad y orad, para que no entr\u00e9is en tentaci\u00f3n; el esp\u00edritu est\u00e1 dispuesto, pero la carne es d\u00e9bil\u201d (vs. 40-41). Velar y orar es un principio importante en nuestra vida cristiana puesto que el tentador, Satan\u00e1s, siempre nos acecha. Cuanto m\u00e1s amamos al Se\u00f1or, m\u00e1s atenci\u00f3n nos presta el tentador. Cuando nos volvemos al Se\u00f1or y le amamos, Satan\u00e1s nos perturba sin cesar. Existe una batalla y un conflicto en el universo entre Dios y Satan\u00e1s.<\/p>\n<p>Hay otro principio que aplican los que buscan m\u00e1s de Cristo. Este principio consiste en que el esp\u00edritu de ellos est\u00e1 dispuesto continuamente, pero su carne es d\u00e9bil. Este es un principio que no s\u00f3lo se aplica a la oraci\u00f3n, sino a toda la vida de quien busca m\u00e1s de Cristo. Nuestro esp\u00edritu desea ser un vencedor, pero nuestra carne es d\u00e9bil. Tenemos el deseo en nuestro esp\u00edritu, pero no tenemos la fuerza en nuestra carne. Esta es la raz\u00f3n por la cual debemos ocuparnos de nuestro esp\u00edritu, y no confiar en la carne.<i>CWWL, 1994-1997<\/i>( \u201cEl vivir del Dios-hombre,\u201d cp. 17)<\/p>\n<p><em>\u00a9 Living Stream Ministry. Usado con permiso.<\/em><\/p>\n\t<p>D\u00eda 16: Oraci\u00f3n para que velemos<\/p>\n\t<p>Ore para que los santos, como hijos del d\u00eda, no duerman, sino que velen y oren  (Lc. 22:46; 1 Ts. 5:5-6).<\/p>\n<p><em>Lc. 22:46: Y les dijo: \u00bfPor qu\u00e9 dorm\u00eds? Levantaos, y orad para que no entr\u00e9is en tentaci\u00f3n.<\/em><\/p>\n<p><em>1 Ts. 5:5-6: Porque todos vosotros sois hijos de la luz e hijos del d\u00eda; no somos de la noche ni de las tinieblas. Por tanto, no durmamos como los dem\u00e1s, sino velemos y seamos sobrios.<\/em><\/p>\n\t<p>Conforme a la palabra del Se\u00f1or en Mateo 26, todos somos a\u00fan personas dormilonas. Si usted no duerme f\u00edsicamente, est\u00e1 durmiendo espiritualmente; y muchas veces duerme psicol\u00f3gicamente. Mientas estoy hablando, quiz\u00e1s algunos est\u00e9n durmiendo f\u00edsicamente, mientras que otros duermen psicol\u00f3gicamente. Esto significa que su mente, su atenci\u00f3n, su o\u00eddo y su comprensi\u00f3n est\u00e1n ausentes. Algunas veces ellas duermen espiritualmente, lo cual quiere decir que su percepci\u00f3n se halla aletargada. Para ser verdaderamente una persona que ora sin cesar, ustedes tienen que ser una persona que vela, una persona plenamente despierta, que lucha contra su naturaleza dormilona y su ser dormil\u00f3n. \u00bfC\u00f3mo deben luchar? Al hacer peticiones. Orar es un asunto general; la petici\u00f3n es algo espec\u00edfico y particular. Ustedes deben velar en la oraci\u00f3n general, haciendo peticiones espec\u00edficas. (<em>CWWL, 1980<\/em>\u201cEntrenamiento de perfeccionamiento,\u201d cp. 14)<\/p>\n<p><em>\u00a9 Living Stream Ministry. Usado con permiso.<\/em><\/p>\n\t<p>D\u00eda 17: Oraci\u00f3n para estar alerta<\/p>\n\t<p>Ore para que los santos est\u00e9n alerta y velando para mantener sus vidas de oraci\u00f3n (Ef. 6:18).<\/p>\n<p><em>Ef. 6:18: Con toda oraci\u00f3n y petici\u00f3n orando en todo tiempo en el esp\u00edritu, y para ello velando con toda perseverancia y petici\u00f3n por todos los santos.<\/em><\/p>\n\t<p>De acuerdo con la revelaci\u00f3n del libro de Efesios, debemos orar para tener la vida de iglesia. Aun cuando ustedes tengan el conocimiento con respecto a la iglesia, a menos que oren sin cesar ustedes no pueden tener la vida de iglesia. La vida de iglesia no permanece con su conocimiento, sino con su oraci\u00f3n, aun con su continua y persistente oraci\u00f3n en todo tiempo. Este encargo se nos da al final del libro de Efesios, indicando que la iglesia depende de nuestra vida de oraci\u00f3n. Si no tenemos una vida de oraci\u00f3n, estamos acabados. Es posible que tengamos mucho conocimiento y mucha revelaci\u00f3n acerca del Cuerpo, pero esto no quiere decir que participemos en la vida de iglesia. Participar en la vida de iglesia depende de nuestra oraci\u00f3n continua. Efesios 6:18, al igual que los otros vers\u00edculos en estos cuatro libros, usa muchos modificadores: \u201cCon toda oraci\u00f3n [...] orando en todo tiempo en el esp\u00edritu [...] con [...] petici\u00f3n\u201d. Debemos orar y velar en oraci\u00f3n y con toda petici\u00f3n. \u00c9sta es la manera de velar en oraci\u00f3n. Esto significa que ustedes deben orar a cada minuto; entonces tendr\u00e1n que estar despiertos, no durmiendo. Deben permanecer despiertos para perseverar en esta clase de oraci\u00f3n continua y deben estar velando con toda petici\u00f3n. Esto quiere decir que mientras est\u00e1n orando, est\u00e1n velando, y mientras est\u00e1 orando, est\u00e1n despiertos.<em>CWWL, 1980<\/em>(Entrenamiento de perfeccionamiento, cap. 14)<\/p>\n<p><em>\u00a9 Living Stream Ministry. Usado con permiso.<\/em><\/p>\n\t<p>D\u00eda 18: Oraci\u00f3n para que seamos sobrios en nuestra mente<\/p>\n\t<p>Ore para que los santos sean sobrios en sus mentes, que no sean perturbados por el temor y la ansiedad, sino que sean guardados por la paz de Dios por medio de oraci\u00f3n (1 P. 1:13; Fil. 4:6-7).<\/p>\n<p><em>1 P. 1:13: Por tanto, ci\u00f1\u00e9ndoos los lomos de vuestra mente y siendo sobrios, poned vuestra esperanza completamente en la gracia que se os traer\u00e1 cuando Jesucristo sea revelado.<\/em><\/p>\n<p><em>Fil. 4:6-7: Por nada est\u00e9is afanosos, sino en toda ocasi\u00f3n sean conocidas vuestras peticiones delante de Dios por medio de oraci\u00f3n y s\u00faplica, con acci\u00f3n de gracias. Y la paz de Dios, que sobrepasa todo entendimiento, guardar\u00e1 vuestros corazones y vuestros pensamientos en Cristo Jes\u00fas.<\/em><\/p>\n\t<p>Si no echamos toda nuestra ansiedad sobre el Se\u00f1or, nos ser\u00e1 dif\u00edcil ser sobrios. Muchos santos se sienten confusos debido a la ansiedad. Si no nos deshacemos de nuestras ansiedades, no podremos tener una mente sobria. En vez de ser sobrios, nos encontraremos bajo una densa nube de confusi\u00f3n y no tendremos ning\u00fan sentido de direcci\u00f3n. Si nuestra mente es perturbada por la ansiedad, no podremos ser sobrios. Nuestros pensamientos no ser\u00e1n claros, sino confusos y desordenados. Si \u00e9sta es la condici\u00f3n de nuestra mente, nos ser\u00e1 dif\u00edcil escuchar la palabra del Se\u00f1or. La ansiedad tambi\u00e9n puede llevarnos a hablar de forma insensata. Por consiguiente, si queremos ser sobrios, tenemos que echar nuestra ansiedad sobre el Se\u00f1or.<em>(Estudio-Vida de 1 Pedro<\/em>, msg. 33, p. 303)<\/p>\n<p><em>\u00a9 Living Stream Ministry. Usado con permiso.<\/em><\/p>","protected":false},"excerpt":{"rendered":"<p>Day 15: Prayer for Strengthening Pray for the strengthening of the willing spirit of the saints so they will watch and pray (Matt. 26:38b, 41). Matt. 26:38b: Remain here and watch with Me. Matt. 26:41: Watch and pray that you may not enter into temptation. The spirit is willing, but the flesh is weak. In&hellip;<\/p>","protected":false},"author":6,"featured_media":193,"parent":0,"menu_order":0,"comment_status":"closed","ping_status":"closed","template":"","meta":{"inline_featured_image":false,"footnotes":""},"class_list":["post-535","page","type-page","status-publish","has-post-thumbnail","hentry"],"yoast_head":"<!-- This site is optimized with the Yoast SEO plugin v27.3 - https:\/\/yoast.com\/product\/yoast-seo-wordpress\/ -->\n<title>Days 15-18 - Beseeching<\/title>\n<meta name=\"robots\" content=\"index, follow, max-snippet:-1, max-image-preview:large, max-video-preview:-1\" \/>\n<link rel=\"canonical\" href=\"https:\/\/beseeching.org\/es\/days-15-18-new\/\" \/>\n<meta property=\"og:locale\" content=\"es_MX\" \/>\n<meta property=\"og:type\" content=\"article\" \/>\n<meta property=\"og:title\" content=\"Days 15-18 - Beseeching\" \/>\n<meta property=\"og:description\" content=\"Day 15: Prayer for Strengthening Pray for the strengthening of the willing spirit of the saints so they will watch and pray (Matt. 26:38b, 41). Matt. 26:38b: Remain here and watch with Me. Matt. 26:41: Watch and pray that you may not enter into temptation. The spirit is willing, but the flesh is weak. In&hellip;\" \/>\n<meta property=\"og:url\" content=\"https:\/\/beseeching.org\/es\/days-15-18-new\/\" \/>\n<meta property=\"og:site_name\" content=\"Beseeching\" \/>\n<meta property=\"article:modified_time\" content=\"2022-02-08T16:15:29+00:00\" \/>\n<meta property=\"og:image\" content=\"https:\/\/beseeching.org\/wp-content\/uploads\/2020\/06\/social_share.jpg\" \/>\n\t<meta property=\"og:image:width\" content=\"1200\" \/>\n\t<meta property=\"og:image:height\" content=\"630\" \/>\n\t<meta property=\"og:image:type\" content=\"image\/jpeg\" \/>\n<meta name=\"twitter:card\" content=\"summary_large_image\" \/>\n<meta name=\"twitter:label1\" content=\"Tiempo de lectura\" \/>\n\t<meta name=\"twitter:data1\" content=\"5 minutos\" \/>\n<script type=\"application\/ld+json\" class=\"yoast-schema-graph\">{\"@context\":\"https:\\\/\\\/schema.org\",\"@graph\":[{\"@type\":\"WebPage\",\"@id\":\"https:\\\/\\\/beseeching.org\\\/days-15-18-new\\\/\",\"url\":\"https:\\\/\\\/beseeching.org\\\/days-15-18-new\\\/\",\"name\":\"Days 15-18 - Beseeching\",\"isPartOf\":{\"@id\":\"https:\\\/\\\/beseeching.org\\\/#website\"},\"primaryImageOfPage\":{\"@id\":\"https:\\\/\\\/beseeching.org\\\/days-15-18-new\\\/#primaryimage\"},\"image\":{\"@id\":\"https:\\\/\\\/beseeching.org\\\/days-15-18-new\\\/#primaryimage\"},\"thumbnailUrl\":\"https:\\\/\\\/beseeching.org\\\/wp-content\\\/uploads\\\/2020\\\/06\\\/social_share.jpg\",\"datePublished\":\"2020-07-04T17:26:28+00:00\",\"dateModified\":\"2022-02-08T16:15:29+00:00\",\"breadcrumb\":{\"@id\":\"https:\\\/\\\/beseeching.org\\\/days-15-18-new\\\/#breadcrumb\"},\"inLanguage\":\"es\",\"potentialAction\":[{\"@type\":\"ReadAction\",\"target\":[\"https:\\\/\\\/beseeching.org\\\/days-15-18-new\\\/\"]}]},{\"@type\":\"ImageObject\",\"inLanguage\":\"es\",\"@id\":\"https:\\\/\\\/beseeching.org\\\/days-15-18-new\\\/#primaryimage\",\"url\":\"https:\\\/\\\/beseeching.org\\\/wp-content\\\/uploads\\\/2020\\\/06\\\/social_share.jpg\",\"contentUrl\":\"https:\\\/\\\/beseeching.org\\\/wp-content\\\/uploads\\\/2020\\\/06\\\/social_share.jpg\",\"width\":1200,\"height\":630,\"caption\":\"Beseeching\"},{\"@type\":\"BreadcrumbList\",\"@id\":\"https:\\\/\\\/beseeching.org\\\/days-15-18-new\\\/#breadcrumb\",\"itemListElement\":[{\"@type\":\"ListItem\",\"position\":1,\"name\":\"Home\",\"item\":\"https:\\\/\\\/beseeching.org\\\/\"},{\"@type\":\"ListItem\",\"position\":2,\"name\":\"Days 15-18\"}]},{\"@type\":\"WebSite\",\"@id\":\"https:\\\/\\\/beseeching.org\\\/#website\",\"url\":\"https:\\\/\\\/beseeching.org\\\/\",\"name\":\"Beseeching\",\"description\":\"Intercede for the United States\",\"potentialAction\":[{\"@type\":\"SearchAction\",\"target\":{\"@type\":\"EntryPoint\",\"urlTemplate\":\"https:\\\/\\\/beseeching.org\\\/?s={search_term_string}\"},\"query-input\":{\"@type\":\"PropertyValueSpecification\",\"valueRequired\":true,\"valueName\":\"search_term_string\"}}],\"inLanguage\":\"es\"}]}<\/script>\n<!-- \/ Yoast SEO plugin. -->","yoast_head_json":{"title":"Days 15-18 - Beseeching","robots":{"index":"index","follow":"follow","max-snippet":"max-snippet:-1","max-image-preview":"max-image-preview:large","max-video-preview":"max-video-preview:-1"},"canonical":"https:\/\/beseeching.org\/es\/days-15-18-new\/","og_locale":"es_MX","og_type":"article","og_title":"Days 15-18 - Beseeching","og_description":"Day 15: Prayer for Strengthening Pray for the strengthening of the willing spirit of the saints so they will watch and pray (Matt. 26:38b, 41). Matt. 26:38b: Remain here and watch with Me. Matt. 26:41: Watch and pray that you may not enter into temptation. The spirit is willing, but the flesh is weak. In&hellip;","og_url":"https:\/\/beseeching.org\/es\/days-15-18-new\/","og_site_name":"Beseeching","article_modified_time":"2022-02-08T16:15:29+00:00","og_image":[{"width":1200,"height":630,"url":"https:\/\/beseeching.org\/wp-content\/uploads\/2020\/06\/social_share.jpg","type":"image\/jpeg"}],"twitter_card":"summary_large_image","twitter_misc":{"Tiempo de lectura":"5 minutos"},"schema":{"@context":"https:\/\/schema.org","@graph":[{"@type":"WebPage","@id":"https:\/\/beseeching.org\/days-15-18-new\/","url":"https:\/\/beseeching.org\/days-15-18-new\/","name":"Days 15-18 - Beseeching","isPartOf":{"@id":"https:\/\/beseeching.org\/#website"},"primaryImageOfPage":{"@id":"https:\/\/beseeching.org\/days-15-18-new\/#primaryimage"},"image":{"@id":"https:\/\/beseeching.org\/days-15-18-new\/#primaryimage"},"thumbnailUrl":"https:\/\/beseeching.org\/wp-content\/uploads\/2020\/06\/social_share.jpg","datePublished":"2020-07-04T17:26:28+00:00","dateModified":"2022-02-08T16:15:29+00:00","breadcrumb":{"@id":"https:\/\/beseeching.org\/days-15-18-new\/#breadcrumb"},"inLanguage":"es","potentialAction":[{"@type":"ReadAction","target":["https:\/\/beseeching.org\/days-15-18-new\/"]}]},{"@type":"ImageObject","inLanguage":"es","@id":"https:\/\/beseeching.org\/days-15-18-new\/#primaryimage","url":"https:\/\/beseeching.org\/wp-content\/uploads\/2020\/06\/social_share.jpg","contentUrl":"https:\/\/beseeching.org\/wp-content\/uploads\/2020\/06\/social_share.jpg","width":1200,"height":630,"caption":"Beseeching"},{"@type":"BreadcrumbList","@id":"https:\/\/beseeching.org\/days-15-18-new\/#breadcrumb","itemListElement":[{"@type":"ListItem","position":1,"name":"Home","item":"https:\/\/beseeching.org\/"},{"@type":"ListItem","position":2,"name":"Days 15-18"}]},{"@type":"WebSite","@id":"https:\/\/beseeching.org\/#website","url":"https:\/\/beseeching.org\/","name":"Beseeching","description":"Intercede for the United States","potentialAction":[{"@type":"SearchAction","target":{"@type":"EntryPoint","urlTemplate":"https:\/\/beseeching.org\/?s={search_term_string}"},"query-input":{"@type":"PropertyValueSpecification","valueRequired":true,"valueName":"search_term_string"}}],"inLanguage":"es"}]}},"_links":{"self":[{"href":"https:\/\/beseeching.org\/es\/wp-json\/wp\/v2\/pages\/535","targetHints":{"allow":["GET"]}}],"collection":[{"href":"https:\/\/beseeching.org\/es\/wp-json\/wp\/v2\/pages"}],"about":[{"href":"https:\/\/beseeching.org\/es\/wp-json\/wp\/v2\/types\/page"}],"author":[{"embeddable":true,"href":"https:\/\/beseeching.org\/es\/wp-json\/wp\/v2\/users\/6"}],"replies":[{"embeddable":true,"href":"https:\/\/beseeching.org\/es\/wp-json\/wp\/v2\/comments?post=535"}],"version-history":[{"count":0,"href":"https:\/\/beseeching.org\/es\/wp-json\/wp\/v2\/pages\/535\/revisions"}],"wp:featuredmedia":[{"embeddable":true,"href":"https:\/\/beseeching.org\/es\/wp-json\/wp\/v2\/media\/193"}],"wp:attachment":[{"href":"https:\/\/beseeching.org\/es\/wp-json\/wp\/v2\/media?parent=535"}],"curies":[{"name":"wp","href":"https:\/\/api.w.org\/{rel}","templated":true}]}}