{"id":417,"date":"2020-06-18T10:38:21","date_gmt":"2020-06-18T17:38:21","guid":{"rendered":"https:\/\/beseeching.org\/?page_id=417"},"modified":"2022-02-01T17:35:06","modified_gmt":"2022-02-02T01:35:06","slug":"day-1-7","status":"publish","type":"page","link":"https:\/\/beseeching.org\/es\/day-1-7\/","title":{"rendered":"Day 1-7"},"content":{"rendered":"<p>D\u00eda 1: Oraci\u00f3n para ser hombres en la tierra con el coraz\u00f3n de Dios<\/p>\n\t<p>Oren para que estemos en nuestro esp\u00edritu a fin de que seamos hombres en la tierra con el coraz\u00f3n de Dios, hombres a quienes los cielos pueden ser abiertos para ver la visi\u00f3n de Dios sobre el destino del mundo, quienes ven que la situaci\u00f3n mundial es el indicador del mover de Dios en la tierra, y quienes se dan cuenta de que todos los eventos principales de la historia humana han sido ordenados y dispuestos por Dios en Su autoridad soberana para Su mover en la tierra. (Ap. 4:2; Ez. 1:1; Hch. 17:26-27; Dn. 2:34-35; 5:30-31 y nota 30<sup>1<\/sup>).<\/p>\n<p><em>Ap. 4:2\u2014Y al instante yo estaba en el esp\u00edritu; y he aqu\u00ed, un trono establecido en el cielo, y en el trono, uno sentado.<\/em><\/p>\n<p><em>Ez. 1:1\u2014Aconteci\u00f3 en el a\u00f1o treinta, en el mes cuarto, el d\u00eda cinco del mes, que estando yo entre los cautivos junto al r\u00edo Quebar, los cielos se abrieron y vi visiones de Dios.<\/em><\/p>\n<p><em>Hch. 17:26-27\u2014Y de uno solo ha hecho todo el linaje de los hombres, para que habiten sobre toda la faz de la tierra; y les ha prefijado el orden de los tiempos, y los linderos de su habitaci\u00f3n; para que busquen a Dios, si en alguna manera, palpando, puedan hallarle, aunque ciertamente no est\u00e1 lejos de cada uno de nosotros.<\/em><\/p>\n<p><em>Dn. 2:34-35\u2014Estabas mirando hasta que una piedra fue cortada, no con manos, e hiri\u00f3 a la imagen en sus pies de hierro y de barro cocido, y los desmenuz\u00f3. Luego fueron desmenuzados, todos a la vez, el hierro, el barro cocido, el bronce, la plata y el oro, y quedaron como tamo de las eras del verano; y se los llev\u00f3 el viento sin que se hallara rastro alguno de ellos. Y la piedra que hiri\u00f3 a la imagen se hizo un gran monte que llen\u00f3 toda la tierra.<\/em><\/p>\n<p><em>Dn. 5:30-31\u2014Aquella misma noche fue muerto Belsasar, el rey caldeo.  Y Dar\u00edo el medo recibi\u00f3 el reino cuando ten\u00eda alrededor de sesenta y dos a\u00f1os.<\/em><\/p>\n<p><em>Nota 5:30<sup>1<\/sup>\u2014Esto puso fin al Imperio babil\u00f3nico. Dios us\u00f3 al Imperio babil\u00f3nico con el prop\u00f3sito de llevar al cautiverio a Sus elegidos que hab\u00edan ca\u00eddo en corrupci\u00f3n y hab\u00edan sido derrotados. Casi al final de los setenta a\u00f1os de dicho cautiverio, Dios hizo que los medos y persas se unieran con el prop\u00f3sito de poner fin al Imperio babil\u00f3nico y liberar a Su pueblo de su cautiverio en Babilonia (Esd. 1: 1-4). Esto sirve de ilustraci\u00f3n para mostrarnos c\u00f3mo todos los reyes y reinos est\u00e1n bajo la administraci\u00f3n de Dios. V\u00e9ase la nota 26<sup>1<\/sup> del cap. 4.<\/em><\/p>\n\t<p>D\u00eda 5: Oraci\u00f3n para ver al Cristo excelente<\/p>\n\t<p>Oren para que veamos al Cristo precioso, excelente y entronizado \u2014el Dios-hombre, la mezcla de Dios y el hombre, la centralidad y la universalidad del mover de Dios para llevar a cabo Su econom\u00eda, el digno Cordero-Le\u00f3n, el Rey de reyes y Se\u00f1or de se\u00f1ores\u2014 como el preeminente en la escena espiritual detr\u00e1s de la situaci\u00f3n mundial y el centro de la administraci\u00f3n de Dios de acuerdo con Su econom\u00eda eterna (Dn. 10:5-6; Ap. 5:5-6, 12; 17:14).<\/p>\n<p><em>Dn. 10:5-6\u2014Alc\u00e9 mis ojos y mir\u00e9, y he aqu\u00ed un var\u00f3n, vestido de lino, cuyos lomos estaban ce\u00f1idos con oro fino de Ufaz. Su cuerpo tambi\u00e9n era como el berilo, Su rostro ten\u00eda la apariencia de un rel\u00e1mpago, Sus ojos eran como antorchas de fuego, Sus brazos y Sus pies como el brillo de bronce bru\u00f1ido, y el sonido de Sus palabras como el estruendo de una multitud.<\/em><\/p>\n<p><em>Ap. 5:5-6\u2014Y uno de los ancianos me dijo: No llores. He aqu\u00ed que el Le\u00f3n de la tribu de Jud\u00e1, la Ra\u00edz de David, ha vencido para abrir el rollo y sus siete sellos. Y vi en medio del trono y de los cuatro seres vivientes, y en medio de los ancianos, un Cordero en pie, como reci\u00e9n inmolado, que ten\u00eda siete cuernos, y siete ojos, los cuales son los siete Esp\u00edritus de Dios enviados por toda la tierra.<\/em><\/p>\n<p><em>Ap. 5:12\u2014Que dec\u00edan a gran voz: El Cordero que fue inmolado es digno de recibir el poder, las riquezas, la sabidur\u00eda, la fortaleza, la honra, la gloria y la bendici\u00f3n.<\/em><\/p>\n<p><em>Ap. 17:14\u2014Har\u00e1n guerra contra el Cordero, y el Cordero los vencer\u00e1, porque \u00c9l es Se\u00f1or de se\u00f1ores y Rey de reyes; y los que est\u00e1n con \u00c9l, los llamados y escogidos y fieles, tambi\u00e9n vencer\u00e1n.<\/em><\/p>\n\t<p>D\u00eda 6: Oraci\u00f3n por una clara visi\u00f3n de la historia divina dentro de la historia humana<\/p>\n\t<p>Oren para que tengamos una visi\u00f3n clara de la historia divina interna dentro de la historia humana externa, siendo la historia divina principalmente la historia de Dios en el hombre, comenzando desde la encarnaci\u00f3n de Cristo hasta Su ascensi\u00f3n para convertirse en el Esp\u00edritu vivificante, continuando con Su morar en el interior de Sus creyentes por medio de la salvaci\u00f3n org\u00e1nica de Dios para hacer de los creyentes la gloriosa novia de Cristo, culminando con Cristo como el Esp\u00edritu que se casa con la iglesia como la novia, y finalmente consumando en la Nueva Jerusal\u00e9n como la novia, la esposa del Cordero, al final del reino de mil a\u00f1os.  (Jn 1:14a; 1 Co. 15:45b; Col. 1:27; Ef. 5:27; Ap. 19:7; 22:17; 21:9-10).<\/p>\n<p><em>Jn. 1:14\u2014Y la Palabra se hizo carne, y fij\u00f3 tabern\u00e1culo entre nosotros.<\/em><\/p>\n<p><em>1 Co. 15 45b\u2014El postrer Ad\u00e1n, Esp\u00edritu vivificante.<\/em><\/p>\n<p><em>Col. 1:27\u2014A quienes Dios quiso dar a conocer las riquezas de la gloria de este misterio entre los gentiles; que es Cristo en vosotros, la esperanza de gloria.<\/em><\/p>\n<p><em>Ef. 5:27\u2014A fin de present\u00e1rsela a S\u00ed mismo, una iglesia gloriosa, que no tuviese mancha ni arruga ni cosa semejante, sino que fuese santa y sin defecto.<\/em><\/p>\n<p><em>Ap. 19:7\u2014Goc\u00e9monos y alegr\u00e9monos y d\u00e9mosle gloria; porque han llegado las bodas del Cordero, y Su esposa se ha preparado.<\/em><\/p>\n<p><em>Ap. 22:17\u2014Y el Esp\u00edritu y la novia dicen: Ven. Y el que oye, diga: Ven. Y el que tiene sed, venga; y el que quiera, tome del agua de la vida gratuitamente.<\/em><\/p>\n<p><em>Ap. 21:9-10\u2014Vino entonces a m\u00ed uno de los siete \u00e1ngeles que ten\u00edan las siete copas llenas de las siete plagas postreras, y habl\u00f3 conmigo, diciendo: Ven ac\u00e1, yo te mostrar\u00e9 la desposada, la esposa del Cordero. Y me llev\u00f3 en esp\u00edritu a un monte grande y alto, y me mostr\u00f3 la ciudad santa, Jerusal\u00e9n, que descend\u00eda del cielo, de Dios.<\/em><\/p>\n\t<p>D\u00eda 7: Oraci\u00f3n para vivir en la historia divina<\/p>\n\t<p>Oren para que vivamos no solo en la historia humana externa sino a\u00fan m\u00e1s en la historia divina interna, es decir, en la iglesia, al escribir la historia actual de Dios al ser uno con Dios en Su historia para llevar a cabo Su \u00faltimo mover en Su econom\u00eda, que se centra en Su obra central\u2014 forjarse a S\u00ed mismo en Cristo dentro de nosotros, Su pueblo escogido y redimido, al hacerse uno con nosotros para ser nuestra vida, suministro de vida y todo para Su expresi\u00f3n. (Ro. 12:1-2; 1 Co. 1:2; 6:17; Ef. 3:16-17a, 19b, 21a; 4:15-16).<\/p>\n<p><em>Ro. 12:1-2\u2014As\u00ed que, hermanos, os exhorto por las compasiones de Dios, que present\u00e9is vuestros cuerpos en sacrificio vivo, santo, agradable a Dios, que es vuestro servicio racional. No os amold\u00e9is a este siglo, sino transformaos por medio de la renovaci\u00f3n de vuestra mente, para que comprob\u00e9is cu\u00e1l sea la voluntad de Dios: lo bueno, lo agradable y lo perfecto.<\/em><\/p>\n<p><em>1 Co. 1:2\u2014A la iglesia de Dios que est\u00e1 en Corinto, a los santificados en Cristo Jes\u00fas, los santos llamados, con todos los que en cualquier lugar invocan el nombre de nuestro Se\u00f1or Jesucristo, Se\u00f1or de ellos y nuestro.<\/em><\/p>\n<p><em>1 Co. 6:17\u2014Pero el que se une al Se\u00f1or, es un solo esp\u00edritu con \u00c9l.<\/em><\/p>\n<p><em>Eph. 3:16-17a, 19b, 21a\u2014That He would grant you, according to the riches of His glory, to be strengthened with power through His Spirit into the inner man, that Christ may make His home in your hearts through faith&#8230;that you may be filled unto all the fullness of God&#8230;To Him be the glory in the church.<\/em><\/p>\n<p><em>Ef. 4:15-16\u2014 Sino que, asidos a la verdad en amor, crezcamos en todo en Aquel que es la Cabeza, Cristo, de quien todo el Cuerpo, bien unido y entrelazado por todas las coyunturas del rico suministro y por la funci\u00f3n de cada miembro en su medida, causa el crecimiento del Cuerpo para la edificaci\u00f3n de s\u00ed mismo en amor.<\/em><\/p>","protected":false},"excerpt":{"rendered":"<p>Day 1: Prayer to be men on earth with God\u2019s heart Pray that we will be in our spirit in order to be men on earth with God\u2019s heart, men to whom heaven can be opened to see the vision of God concerning the destiny of the world, who see that the world situation is&hellip;<\/p>","protected":false},"author":4,"featured_media":193,"parent":0,"menu_order":0,"comment_status":"closed","ping_status":"closed","template":"","meta":{"inline_featured_image":false,"footnotes":""},"class_list":["post-417","page","type-page","status-publish","has-post-thumbnail","hentry"],"yoast_head":"<!-- This site is optimized with the Yoast SEO plugin v27.3 - https:\/\/yoast.com\/product\/yoast-seo-wordpress\/ -->\n<title>Day 1-7 - Beseeching<\/title>\n<meta name=\"robots\" content=\"index, follow, max-snippet:-1, max-image-preview:large, max-video-preview:-1\" \/>\n<link rel=\"canonical\" href=\"https:\/\/beseeching.org\/es\/day-1-7\/\" \/>\n<meta property=\"og:locale\" content=\"es_MX\" \/>\n<meta property=\"og:type\" content=\"article\" \/>\n<meta property=\"og:title\" content=\"Day 1-7 - Beseeching\" \/>\n<meta property=\"og:description\" content=\"Day 1: Prayer to be men on earth with God\u2019s heart Pray that we will be in our spirit in order to be men on earth with God\u2019s heart, men to whom heaven can be opened to see the vision of God concerning the destiny of the world, who see that the world situation is&hellip;\" \/>\n<meta property=\"og:url\" content=\"https:\/\/beseeching.org\/es\/day-1-7\/\" \/>\n<meta property=\"og:site_name\" content=\"Beseeching\" \/>\n<meta property=\"article:modified_time\" content=\"2022-02-02T01:35:06+00:00\" \/>\n<meta property=\"og:image\" content=\"https:\/\/beseeching.org\/wp-content\/uploads\/2020\/06\/social_share.jpg\" \/>\n\t<meta property=\"og:image:width\" content=\"1200\" \/>\n\t<meta property=\"og:image:height\" content=\"630\" \/>\n\t<meta property=\"og:image:type\" content=\"image\/jpeg\" \/>\n<meta name=\"twitter:card\" content=\"summary_large_image\" \/>\n<meta name=\"twitter:label1\" content=\"Tiempo de lectura\" \/>\n\t<meta name=\"twitter:data1\" content=\"7 minutos\" \/>\n<script type=\"application\/ld+json\" class=\"yoast-schema-graph\">{\"@context\":\"https:\\\/\\\/schema.org\",\"@graph\":[{\"@type\":\"WebPage\",\"@id\":\"https:\\\/\\\/beseeching.org\\\/day-1-7\\\/\",\"url\":\"https:\\\/\\\/beseeching.org\\\/day-1-7\\\/\",\"name\":\"Day 1-7 - Beseeching\",\"isPartOf\":{\"@id\":\"https:\\\/\\\/beseeching.org\\\/#website\"},\"primaryImageOfPage\":{\"@id\":\"https:\\\/\\\/beseeching.org\\\/day-1-7\\\/#primaryimage\"},\"image\":{\"@id\":\"https:\\\/\\\/beseeching.org\\\/day-1-7\\\/#primaryimage\"},\"thumbnailUrl\":\"https:\\\/\\\/beseeching.org\\\/wp-content\\\/uploads\\\/2020\\\/06\\\/social_share.jpg\",\"datePublished\":\"2020-06-18T17:38:21+00:00\",\"dateModified\":\"2022-02-02T01:35:06+00:00\",\"breadcrumb\":{\"@id\":\"https:\\\/\\\/beseeching.org\\\/day-1-7\\\/#breadcrumb\"},\"inLanguage\":\"es\",\"potentialAction\":[{\"@type\":\"ReadAction\",\"target\":[\"https:\\\/\\\/beseeching.org\\\/day-1-7\\\/\"]}]},{\"@type\":\"ImageObject\",\"inLanguage\":\"es\",\"@id\":\"https:\\\/\\\/beseeching.org\\\/day-1-7\\\/#primaryimage\",\"url\":\"https:\\\/\\\/beseeching.org\\\/wp-content\\\/uploads\\\/2020\\\/06\\\/social_share.jpg\",\"contentUrl\":\"https:\\\/\\\/beseeching.org\\\/wp-content\\\/uploads\\\/2020\\\/06\\\/social_share.jpg\",\"width\":1200,\"height\":630,\"caption\":\"Beseeching\"},{\"@type\":\"BreadcrumbList\",\"@id\":\"https:\\\/\\\/beseeching.org\\\/day-1-7\\\/#breadcrumb\",\"itemListElement\":[{\"@type\":\"ListItem\",\"position\":1,\"name\":\"Home\",\"item\":\"https:\\\/\\\/beseeching.org\\\/\"},{\"@type\":\"ListItem\",\"position\":2,\"name\":\"Day 1-7\"}]},{\"@type\":\"WebSite\",\"@id\":\"https:\\\/\\\/beseeching.org\\\/#website\",\"url\":\"https:\\\/\\\/beseeching.org\\\/\",\"name\":\"Beseeching\",\"description\":\"Intercede for the United States\",\"potentialAction\":[{\"@type\":\"SearchAction\",\"target\":{\"@type\":\"EntryPoint\",\"urlTemplate\":\"https:\\\/\\\/beseeching.org\\\/?s={search_term_string}\"},\"query-input\":{\"@type\":\"PropertyValueSpecification\",\"valueRequired\":true,\"valueName\":\"search_term_string\"}}],\"inLanguage\":\"es\"}]}<\/script>\n<!-- \/ Yoast SEO plugin. -->","yoast_head_json":{"title":"Day 1-7 - Beseeching","robots":{"index":"index","follow":"follow","max-snippet":"max-snippet:-1","max-image-preview":"max-image-preview:large","max-video-preview":"max-video-preview:-1"},"canonical":"https:\/\/beseeching.org\/es\/day-1-7\/","og_locale":"es_MX","og_type":"article","og_title":"Day 1-7 - Beseeching","og_description":"Day 1: Prayer to be men on earth with God\u2019s heart Pray that we will be in our spirit in order to be men on earth with God\u2019s heart, men to whom heaven can be opened to see the vision of God concerning the destiny of the world, who see that the world situation is&hellip;","og_url":"https:\/\/beseeching.org\/es\/day-1-7\/","og_site_name":"Beseeching","article_modified_time":"2022-02-02T01:35:06+00:00","og_image":[{"width":1200,"height":630,"url":"https:\/\/beseeching.org\/wp-content\/uploads\/2020\/06\/social_share.jpg","type":"image\/jpeg"}],"twitter_card":"summary_large_image","twitter_misc":{"Tiempo de lectura":"7 minutos"},"schema":{"@context":"https:\/\/schema.org","@graph":[{"@type":"WebPage","@id":"https:\/\/beseeching.org\/day-1-7\/","url":"https:\/\/beseeching.org\/day-1-7\/","name":"Day 1-7 - Beseeching","isPartOf":{"@id":"https:\/\/beseeching.org\/#website"},"primaryImageOfPage":{"@id":"https:\/\/beseeching.org\/day-1-7\/#primaryimage"},"image":{"@id":"https:\/\/beseeching.org\/day-1-7\/#primaryimage"},"thumbnailUrl":"https:\/\/beseeching.org\/wp-content\/uploads\/2020\/06\/social_share.jpg","datePublished":"2020-06-18T17:38:21+00:00","dateModified":"2022-02-02T01:35:06+00:00","breadcrumb":{"@id":"https:\/\/beseeching.org\/day-1-7\/#breadcrumb"},"inLanguage":"es","potentialAction":[{"@type":"ReadAction","target":["https:\/\/beseeching.org\/day-1-7\/"]}]},{"@type":"ImageObject","inLanguage":"es","@id":"https:\/\/beseeching.org\/day-1-7\/#primaryimage","url":"https:\/\/beseeching.org\/wp-content\/uploads\/2020\/06\/social_share.jpg","contentUrl":"https:\/\/beseeching.org\/wp-content\/uploads\/2020\/06\/social_share.jpg","width":1200,"height":630,"caption":"Beseeching"},{"@type":"BreadcrumbList","@id":"https:\/\/beseeching.org\/day-1-7\/#breadcrumb","itemListElement":[{"@type":"ListItem","position":1,"name":"Home","item":"https:\/\/beseeching.org\/"},{"@type":"ListItem","position":2,"name":"Day 1-7"}]},{"@type":"WebSite","@id":"https:\/\/beseeching.org\/#website","url":"https:\/\/beseeching.org\/","name":"Beseeching","description":"Intercede for the United States","potentialAction":[{"@type":"SearchAction","target":{"@type":"EntryPoint","urlTemplate":"https:\/\/beseeching.org\/?s={search_term_string}"},"query-input":{"@type":"PropertyValueSpecification","valueRequired":true,"valueName":"search_term_string"}}],"inLanguage":"es"}]}},"_links":{"self":[{"href":"https:\/\/beseeching.org\/es\/wp-json\/wp\/v2\/pages\/417","targetHints":{"allow":["GET"]}}],"collection":[{"href":"https:\/\/beseeching.org\/es\/wp-json\/wp\/v2\/pages"}],"about":[{"href":"https:\/\/beseeching.org\/es\/wp-json\/wp\/v2\/types\/page"}],"author":[{"embeddable":true,"href":"https:\/\/beseeching.org\/es\/wp-json\/wp\/v2\/users\/4"}],"replies":[{"embeddable":true,"href":"https:\/\/beseeching.org\/es\/wp-json\/wp\/v2\/comments?post=417"}],"version-history":[{"count":0,"href":"https:\/\/beseeching.org\/es\/wp-json\/wp\/v2\/pages\/417\/revisions"}],"wp:featuredmedia":[{"embeddable":true,"href":"https:\/\/beseeching.org\/es\/wp-json\/wp\/v2\/media\/193"}],"wp:attachment":[{"href":"https:\/\/beseeching.org\/es\/wp-json\/wp\/v2\/media?parent=417"}],"curies":[{"name":"wp","href":"https:\/\/api.w.org\/{rel}","templated":true}]}}