{"id":3552,"date":"2021-09-24T04:55:41","date_gmt":"2021-09-24T11:55:41","guid":{"rendered":"https:\/\/beseeching.org\/?page_id=3552"},"modified":"2021-11-22T07:09:25","modified_gmt":"2021-11-22T15:09:25","slug":"prayer","status":"publish","type":"page","link":"https:\/\/beseeching.org\/es\/prayer\/","title":{"rendered":"Prayer"},"content":{"rendered":"<p>Prayer<\/p>\n\t\t\t\t\t\t<h3>\n\t\t\t\t<a href=\"https:\/\/beseeching.org\/es\/day-3\/\" title=\"Prayer to be God's faithful channels of prayer\" tabindex=\"0\">Prayer to be God&#8217;s faithful channels of prayer<\/a>\t\t\t<\/h3>\n\t\t\t\t\t\t\t<h5>\n\t\t\tJun 17, 2020\t\t\t\n\t\t\t\t\t\t\t<\/h5>\n\t\t\t\t\t<p>Pray that we will devote ourselves to and persevere in prayer, while &#8220;discerning the signs of the times,&#8221; becoming God&#8217;s faithful channels of prayer for the carrying out of His economy with His elect for Christ&#8217;s coming, always aiming our prayer at the interests of God, that is, at Christ and the church as God&#8217;s&hellip;<\/p>\n\t\t\t\t\t<a href=\"https:\/\/beseeching.org\/es\/day-3\/\" target=\"_blank\" rel=\"noopener\">Read More &#8594;<\/a>\t\t\n\t\t\t\t\t\t<h3>\n\t\t\t\t<a href=\"https:\/\/beseeching.org\/es\/day-8\/\" title=\"Prayer to pray with God as our faith by speaking to \"this mountain\"\" tabindex=\"0\">Prayer to pray with God as our faith by speaking to &#8220;this mountain&#8221;<\/a>\t\t\t<\/h3>\n\t\t\t\t\t\t\t<h5>\n\t\t\tJun 22, 2020\t\t\t\n\t\t\t\t\t\t\t<\/h5>\n\t\t\t\t\t<p>Pray that we will pray with God as our faith, that is, with God who has become our faith by mingling Himself with us, exercising God&#8217;s authority in our prayer and speaking to &#8220;this mountain,&#8221; telling the things that are frustrating us to go away-Mark 11:22-24; Zech. 4:7; Matt. 4:10a, 11a; Matt. 16:23a; 17:20; 18:19-20.<\/p>\n\t\t\t\t\t<a href=\"https:\/\/beseeching.org\/es\/day-8\/\" target=\"_blank\" rel=\"noopener\">Read More &#8594;<\/a>\t\t\n\t\t\t\t\t\t<h3>\n\t\t\t\t<a href=\"https:\/\/beseeching.org\/es\/day-9-prayer-to-pray-persistently-as-overcomers-who-are-living-by-the-linking-faith\/\" title=\"Prayer to pray persistently as overcomers who are living by the linking faith\" tabindex=\"0\">Prayer to pray persistently as overcomers who are living by the linking faith<\/a>\t\t\t<\/h3>\n\t\t\t\t\t\t\t<h5>\n\t\t\tJun 23, 2020\t\t\t\n\t\t\t\t\t\t\t<\/h5>\n\t\t\t\t\t<p>Pray that we will pray persistently by the linking faith, by the Triune God moving in us to link us to His unsearchable riches, knowing that the God to whom we pray is a God who hides Himself while He is doing many things for us in a hidden way, so that when the Lord&hellip;<\/p>\n\t\t\t\t\t<a href=\"https:\/\/beseeching.org\/es\/day-9-prayer-to-pray-persistently-as-overcomers-who-are-living-by-the-linking-faith\/\" target=\"_blank\" rel=\"noopener\">Read More &#8594;<\/a>\t\t\n\t\t\t\t\t\t<h3>\n\t\t\t\t<a href=\"https:\/\/beseeching.org\/es\/day-15\/\" title=\"Prayer for Strengthening\" tabindex=\"0\">Prayer for Strengthening<\/a>\t\t\t<\/h3>\n\t\t\t\t\t\t\t<h5>\n\t\t\tJul 6, 2020\t\t\t\n\t\t\t\t\t\t\t<\/h5>\n\t\t\t\t\t<p>Ore por el fortalecimiento del esp\u00edritu dispuesto de los santos para que velen y oren (Mt. 26:38b, 41)<\/p>\n\t\t\t\t\t<a href=\"https:\/\/beseeching.org\/es\/day-15\/\" target=\"_blank\" rel=\"noopener\">Read More &#8594;<\/a>\t\t\n\t\t\t\t\t\t<h3>\n\t\t\t\t<a href=\"https:\/\/beseeching.org\/es\/day-16\/\" title=\"Prayer for Watchfulness\" tabindex=\"0\">Prayer for Watchfulness<\/a>\t\t\t<\/h3>\n\t\t\t\t\t\t\t<h5>\n\t\t\tJul 7, 2020\t\t\t\n\t\t\t\t\t\t\t<\/h5>\n\t\t\t\t\t<p>Ore para que los santos, como hijos del d\u00eda, no duerman, sino que velen y oren  (Lc. 22:46; 1 Ts. 5:5-6).<\/p>\n\t\t\t\t\t<a href=\"https:\/\/beseeching.org\/es\/day-16\/\" target=\"_blank\" rel=\"noopener\">Read More &#8594;<\/a>\t\t\n\t\t\t\t\t\t<h3>\n\t\t\t\t<a href=\"https:\/\/beseeching.org\/es\/day-17\/\" title=\"Prayer to be Alert\" tabindex=\"0\">Prayer to be Alert<\/a>\t\t\t<\/h3>\n\t\t\t\t\t\t\t<h5>\n\t\t\tJul 8, 2020\t\t\t\n\t\t\t\t\t\t\t<\/h5>\n\t\t\t\t\t<p>Ore para que los santos est\u00e9n alerta y velando para mantener sus vidas de oraci\u00f3n (Ef. 6:18).<\/p>\n\t\t\t\t\t<a href=\"https:\/\/beseeching.org\/es\/day-17\/\" target=\"_blank\" rel=\"noopener\">Read More &#8594;<\/a>\t\t\n\t\t\t\t\t\t<h3>\n\t\t\t\t<a href=\"https:\/\/beseeching.org\/es\/day-18\/\" title=\"Prayer to be Sober-Minded\" tabindex=\"0\">Prayer to be Sober-Minded<\/a>\t\t\t<\/h3>\n\t\t\t\t\t\t\t<h5>\n\t\t\tJul 9, 2020\t\t\t\n\t\t\t\t\t\t\t<\/h5>\n\t\t\t\t\t<p>Ore para que los santos sean sobrios en sus mentes, que no sean perturbados por el temor y la ansiedad, sino que sean guardados por la paz de Dios por medio de oraci\u00f3n (1 P. 1:13; Fil. 4:6-7).<\/p>\n\t\t\t\t\t<a href=\"https:\/\/beseeching.org\/es\/day-18\/\" target=\"_blank\" rel=\"noopener\">Read More &#8594;<\/a>\t\t\n\t\t\t\t\t\t<h3>\n\t\t\t\t<a href=\"https:\/\/beseeching.org\/es\/day-19\/\" title=\"Prayer to Be on Guard\" tabindex=\"0\">Prayer to Be on Guard<\/a>\t\t\t<\/h3>\n\t\t\t\t\t\t\t<h5>\n\t\t\tJul 10, 2020\t\t\t\n\t\t\t\t\t\t\t<\/h5>\n\t\t\t\t\t<p>Ore para que los santos velen, permanezcan en guardia y sobrios para darse a la oraci\u00f3n (1 P. 4:7).<\/p>\n\t\t\t\t\t<a href=\"https:\/\/beseeching.org\/es\/day-19\/\" target=\"_blank\" rel=\"noopener\">Read More &#8594;<\/a>\t\t\n\t\t\t\t\t\t<h3>\n\t\t\t\t<a href=\"https:\/\/beseeching.org\/es\/day-20\/\" title=\"Prayer to Be Vigilant\" tabindex=\"0\">Prayer to Be Vigilant<\/a>\t\t\t<\/h3>\n\t\t\t\t\t\t\t<h5>\n\t\t\tJul 11, 2020\t\t\t\n\t\t\t\t\t\t\t<\/h5>\n\t\t\t\t\t<p>Ore para que los santos est\u00e9n atentos a fin de orar en los d\u00edas de guerra para resistir al diablo y sus estrategias destructivas (1 P. 5:8-9a; Jac 4:7).<\/p>\n\t\t\t\t\t<a href=\"https:\/\/beseeching.org\/es\/day-20\/\" target=\"_blank\" rel=\"noopener\">Read More &#8594;<\/a>\t\t\n\t\t\t\t\t\t<h3>\n\t\t\t\t<a href=\"https:\/\/beseeching.org\/es\/day-21\/\" title=\"Prayer for More Watchmen\" tabindex=\"0\">Prayer for More Watchmen<\/a>\t\t\t<\/h3>\n\t\t\t\t\t\t\t<h5>\n\t\t\tJul 12, 2020\t\t\t\n\t\t\t\t\t\t\t<\/h5>\n\t\t\t\t\t<p>Ore para que el Se\u00f1or levante m\u00e1s centinelas sobre los muros de Jerusal\u00e9n que oren y no guarden silencio (Is. 62:6-7).<\/p>\n\t\t\t\t\t<a href=\"https:\/\/beseeching.org\/es\/day-21\/\" target=\"_blank\" rel=\"noopener\">Read More &#8594;<\/a>\t\t\n\t\t\t<ul class='page-numbers'>\n\t<li>1<\/li>\n\t<li><a href=\"https:\/\/beseeching.org\/es\/page\/2\/?page_id=3552&#038;fl_builder\">2<\/a><\/li>\n\t<li><a href=\"https:\/\/beseeching.org\/es\/page\/3\/?page_id=3552&#038;fl_builder\">3<\/a><\/li>\n\t<li>&hellip;<\/li>\n\t<li><a href=\"https:\/\/beseeching.org\/es\/page\/7\/?page_id=3552&#038;fl_builder\">7<\/a><\/li>\n\t<li><a href=\"https:\/\/beseeching.org\/es\/page\/2\/?page_id=3552&#038;fl_builder\">Next &raquo;<\/a><\/li>\n<\/ul>","protected":false},"excerpt":{"rendered":"<p>Prayer Prayer to be God&#8217;s faithful channels of prayer Jun 17, 2020 Pray that we will devote ourselves to and persevere in prayer, while &#8220;discerning the signs of the times,&#8221; becoming God&#8217;s faithful channels of prayer for the carrying out of His economy with His elect for Christ&#8217;s coming, always aiming our prayer at the&hellip;<\/p>","protected":false},"author":26,"featured_media":0,"parent":0,"menu_order":0,"comment_status":"closed","ping_status":"closed","template":"page_category_template.php","meta":{"inline_featured_image":false,"footnotes":""},"class_list":["post-3552","page","type-page","status-publish","hentry"],"yoast_head":"<!-- This site is optimized with the Yoast SEO plugin v27.4 - https:\/\/yoast.com\/product\/yoast-seo-wordpress\/ -->\n<title>Prayer - Beseeching<\/title>\n<meta name=\"robots\" content=\"index, follow, max-snippet:-1, max-image-preview:large, max-video-preview:-1\" \/>\n<link rel=\"canonical\" href=\"https:\/\/beseeching.org\/es\/prayer\/\" \/>\n<meta property=\"og:locale\" content=\"es_MX\" \/>\n<meta property=\"og:type\" content=\"article\" \/>\n<meta property=\"og:title\" content=\"Prayer - Beseeching\" \/>\n<meta property=\"og:description\" content=\"Prayer Prayer to be God&#8217;s faithful channels of prayer Jun 17, 2020 Pray that we will devote ourselves to and persevere in prayer, while &#8220;discerning the signs of the times,&#8221; becoming God&#8217;s faithful channels of prayer for the carrying out of His economy with His elect for Christ&#8217;s coming, always aiming our prayer at the&hellip;\" \/>\n<meta property=\"og:url\" content=\"https:\/\/beseeching.org\/es\/prayer\/\" \/>\n<meta property=\"og:site_name\" content=\"Beseeching\" \/>\n<meta property=\"article:modified_time\" content=\"2021-11-22T15:09:25+00:00\" \/>\n<meta name=\"twitter:card\" content=\"summary_large_image\" \/>\n<meta name=\"twitter:label1\" content=\"Tiempo de lectura\" \/>\n\t<meta name=\"twitter:data1\" content=\"3 minutos\" \/>\n<script type=\"application\/ld+json\" class=\"yoast-schema-graph\">{\"@context\":\"https:\\\/\\\/schema.org\",\"@graph\":[{\"@type\":\"WebPage\",\"@id\":\"https:\\\/\\\/beseeching.org\\\/prayer\\\/\",\"url\":\"https:\\\/\\\/beseeching.org\\\/prayer\\\/\",\"name\":\"Prayer - Beseeching\",\"isPartOf\":{\"@id\":\"https:\\\/\\\/beseeching.org\\\/#website\"},\"datePublished\":\"2021-09-24T11:55:41+00:00\",\"dateModified\":\"2021-11-22T15:09:25+00:00\",\"breadcrumb\":{\"@id\":\"https:\\\/\\\/beseeching.org\\\/prayer\\\/#breadcrumb\"},\"inLanguage\":\"es\",\"potentialAction\":[{\"@type\":\"ReadAction\",\"target\":[\"https:\\\/\\\/beseeching.org\\\/prayer\\\/\"]}]},{\"@type\":\"BreadcrumbList\",\"@id\":\"https:\\\/\\\/beseeching.org\\\/prayer\\\/#breadcrumb\",\"itemListElement\":[{\"@type\":\"ListItem\",\"position\":1,\"name\":\"Home\",\"item\":\"https:\\\/\\\/beseeching.org\\\/\"},{\"@type\":\"ListItem\",\"position\":2,\"name\":\"Prayer\"}]},{\"@type\":\"WebSite\",\"@id\":\"https:\\\/\\\/beseeching.org\\\/#website\",\"url\":\"https:\\\/\\\/beseeching.org\\\/\",\"name\":\"Beseeching\",\"description\":\"Intercede for the United States\",\"potentialAction\":[{\"@type\":\"SearchAction\",\"target\":{\"@type\":\"EntryPoint\",\"urlTemplate\":\"https:\\\/\\\/beseeching.org\\\/?s={search_term_string}\"},\"query-input\":{\"@type\":\"PropertyValueSpecification\",\"valueRequired\":true,\"valueName\":\"search_term_string\"}}],\"inLanguage\":\"es\"}]}<\/script>\n<!-- \/ Yoast SEO plugin. -->","yoast_head_json":{"title":"Prayer - Beseeching","robots":{"index":"index","follow":"follow","max-snippet":"max-snippet:-1","max-image-preview":"max-image-preview:large","max-video-preview":"max-video-preview:-1"},"canonical":"https:\/\/beseeching.org\/es\/prayer\/","og_locale":"es_MX","og_type":"article","og_title":"Prayer - Beseeching","og_description":"Prayer Prayer to be God&#8217;s faithful channels of prayer Jun 17, 2020 Pray that we will devote ourselves to and persevere in prayer, while &#8220;discerning the signs of the times,&#8221; becoming God&#8217;s faithful channels of prayer for the carrying out of His economy with His elect for Christ&#8217;s coming, always aiming our prayer at the&hellip;","og_url":"https:\/\/beseeching.org\/es\/prayer\/","og_site_name":"Beseeching","article_modified_time":"2021-11-22T15:09:25+00:00","twitter_card":"summary_large_image","twitter_misc":{"Tiempo de lectura":"3 minutos"},"schema":{"@context":"https:\/\/schema.org","@graph":[{"@type":"WebPage","@id":"https:\/\/beseeching.org\/prayer\/","url":"https:\/\/beseeching.org\/prayer\/","name":"Prayer - Beseeching","isPartOf":{"@id":"https:\/\/beseeching.org\/#website"},"datePublished":"2021-09-24T11:55:41+00:00","dateModified":"2021-11-22T15:09:25+00:00","breadcrumb":{"@id":"https:\/\/beseeching.org\/prayer\/#breadcrumb"},"inLanguage":"es","potentialAction":[{"@type":"ReadAction","target":["https:\/\/beseeching.org\/prayer\/"]}]},{"@type":"BreadcrumbList","@id":"https:\/\/beseeching.org\/prayer\/#breadcrumb","itemListElement":[{"@type":"ListItem","position":1,"name":"Home","item":"https:\/\/beseeching.org\/"},{"@type":"ListItem","position":2,"name":"Prayer"}]},{"@type":"WebSite","@id":"https:\/\/beseeching.org\/#website","url":"https:\/\/beseeching.org\/","name":"Beseeching","description":"Intercede for the United States","potentialAction":[{"@type":"SearchAction","target":{"@type":"EntryPoint","urlTemplate":"https:\/\/beseeching.org\/?s={search_term_string}"},"query-input":{"@type":"PropertyValueSpecification","valueRequired":true,"valueName":"search_term_string"}}],"inLanguage":"es"}]}},"_links":{"self":[{"href":"https:\/\/beseeching.org\/es\/wp-json\/wp\/v2\/pages\/3552","targetHints":{"allow":["GET"]}}],"collection":[{"href":"https:\/\/beseeching.org\/es\/wp-json\/wp\/v2\/pages"}],"about":[{"href":"https:\/\/beseeching.org\/es\/wp-json\/wp\/v2\/types\/page"}],"author":[{"embeddable":true,"href":"https:\/\/beseeching.org\/es\/wp-json\/wp\/v2\/users\/26"}],"replies":[{"embeddable":true,"href":"https:\/\/beseeching.org\/es\/wp-json\/wp\/v2\/comments?post=3552"}],"version-history":[{"count":0,"href":"https:\/\/beseeching.org\/es\/wp-json\/wp\/v2\/pages\/3552\/revisions"}],"wp:attachment":[{"href":"https:\/\/beseeching.org\/es\/wp-json\/wp\/v2\/media?parent=3552"}],"curies":[{"name":"wp","href":"https:\/\/api.w.org\/{rel}","templated":true}]}}